{"id":210,"date":"2023-08-28T22:24:54","date_gmt":"2023-08-28T22:24:54","guid":{"rendered":"https:\/\/wittekopmedia.de\/?page_id=210"},"modified":"2023-08-28T22:44:47","modified_gmt":"2023-08-28T22:44:47","slug":"unternehmen","status":"publish","type":"page","link":"https:\/\/wittekopmedia.de\/?page_id=210","title":{"rendered":"Unternehmen"},"content":{"rendered":"\n<p><strong><em>Wer steckt eigentlich hinter WittekopMarketing?<\/em><\/strong><\/p>\n\n\n\n<p>Hallo mein Name ist Mike Wittekop. CEO von WittekopMarketing. Gegr\u00fcndet habe ich WittekopMarketing im Jahr 2018 mit Hauptsitz in K\u00f6ln. Gerne m\u00f6chte ich Ihnen die Geschichte hinter WittekopMarketing einmal kurz vorstellen.<\/p>\n\n\n\n<p>Begeistert f\u00fcr Grafikdesign habe ich mich im alter von 11 Jahren. Vor 5 Jahren (2018) habe ich dann den Schritt in die Selbstst\u00e4ndigkeit gewagt und WittekopMarketing gegr\u00fcndet. Aller Anfang ist schwer. Das bekommt man zu sp\u00fcren. Anfangs dachte ich mir wird das alles \u00fcber dem Kopf zusammenbrechen. Allerdings habe ich auch schnell gemerkt das man mit viel Geduld und Schwei\u00df und Arbeit einiges erreichen kann.<\/p>\n\n\n\n<p><em><strong>Was hat mich eigentlich dazu veranlasst diesen Schritt zu gehen?<\/strong><\/em><\/p>\n\n\n\n<figure class=\"wp-block-image aligncenter size-full\"><img loading=\"lazy\" decoding=\"async\" width=\"300\" height=\"200\" src=\"https:\/\/wittekopmedia.de\/wp-content\/uploads\/2023\/08\/copyrightfooter.png\" alt=\"Offizielles Logo von WittekopMarketing\" class=\"wp-image-17\" srcset=\"https:\/\/wittekopmedia.de\/wp-content\/uploads\/2023\/08\/copyrightfooter.png 300w, https:\/\/wittekopmedia.de\/wp-content\/uploads\/2023\/08\/copyrightfooter-272x182.png 272w\" sizes=\"auto, (max-width: 300px) 100vw, 300px\" \/><\/figure>\n\n\n\n<p><br>Nun wie oben beschrieben ist jeder Anfang schwer. Ich m\u00f6chte Neugr\u00fcndern aber auch bestehenden Mittelst\u00e4ndigen Unternehmen dabei helfen zu Wachsen und neue Wege zu gehen.<br>Grade in Zeiten der Sozialen Medien ist das nicht einfach. Was sind Hashtags(#) welche Hashtags benutze ich nun am besten, wie kann ich meine Produkte in den Sozialen Medien vermarkten und an meine Zielgruppe f\u00fchren. All die Antworten auf diese Fragen erarbeite ich mit meinen Kunden und helfe dabei das beste aus dem Unternehmen rauszuholen.<br><br>Nicht nur mit Social Media Marketing sondern ebenfalls mit Grafik und Logo Design sowie Corporate Design und Identity. Alles aus einer Hand sozusagen.<\/p>\n","protected":false},"excerpt":{"rendered":"<p>Wer steckt eigentlich hinter WittekopMarketing? Hallo mein Name ist Mike Wittekop. CEO von WittekopMarketing. Gegr\u00fcndet [&hellip;]<\/p>\n","protected":false},"author":1,"featured_media":0,"parent":0,"menu_order":0,"comment_status":"closed","ping_status":"closed","template":"","meta":{"footnotes":""},"class_list":["post-210","page","type-page","status-publish","hentry"],"_links":{"self":[{"href":"https:\/\/wittekopmedia.de\/index.php?rest_route=\/wp\/v2\/pages\/210","targetHints":{"allow":["GET"]}}],"collection":[{"href":"https:\/\/wittekopmedia.de\/index.php?rest_route=\/wp\/v2\/pages"}],"about":[{"href":"https:\/\/wittekopmedia.de\/index.php?rest_route=\/wp\/v2\/types\/page"}],"author":[{"embeddable":true,"href":"https:\/\/wittekopmedia.de\/index.php?rest_route=\/wp\/v2\/users\/1"}],"replies":[{"embeddable":true,"href":"https:\/\/wittekopmedia.de\/index.php?rest_route=%2Fwp%2Fv2%2Fcomments&post=210"}],"version-history":[{"count":0,"href":"https:\/\/wittekopmedia.de\/index.php?rest_route=\/wp\/v2\/pages\/210\/revisions"}],"wp:attachment":[{"href":"https:\/\/wittekopmedia.de\/index.php?rest_route=%2Fwp%2Fv2%2Fmedia&parent=210"}],"curies":[{"name":"wp","href":"https:\/\/api.w.org\/{rel}","templated":true}]}}